{"id":122,"date":"2017-04-12T20:14:06","date_gmt":"2017-04-12T18:14:06","guid":{"rendered":"http:\/\/hellefeld.marienschule-sundern.de\/hellefeld\/?page_id=122"},"modified":"2017-04-13T08:51:22","modified_gmt":"2017-04-13T06:51:22","slug":"machen-sie-mit","status":"publish","type":"page","link":"https:\/\/hellefeld.marienschule-sundern.de\/hellefeld\/machen-sie-mit\/","title":{"rendered":"Machen Sie mit!"},"content":{"rendered":"<h2>Um unserem Erziehungs- und Bildungsauftrag gerecht zu werden, ben\u00f6tigen wir Ihre Unterst\u00fctzung, denn<\/h2>\n<blockquote><p><b><span class=\"lauftext1\">Mitwirkung bedeutet<br \/>\npartnerschaftlich und vertrauensvoll<br \/>\ngemeinsam im Schulleben zusammenzuwirken.<\/span><\/b><\/p><\/blockquote>\n<h1>Sie haben die M\u00f6glichkeit, in verschiedenen Gremien aktiv mitzuarbeiten!<\/h1>\n<h3>Klassenpflegschaft<\/h3>\n<p>Alle Kinder der Klasse werden hier durch Sie vertreten. Sie w\u00e4hlen aus Ihrer Mitte einen Vorsitzenden und einen Stellvertreter. Die Klassenpflegschaft <b>ber\u00e4t <\/b>z. B. \u00fcber:<\/p>\n<ul>\n<li>Art und Umfang der Hausaufgaben<\/li>\n<li>Durchf\u00fchrung von Leistungs\u00fcberpr\u00fcfung<\/li>\n<li>Einrichtung von freiwilligen Arbeitsgemeinschaft<\/li>\n<li>Schulveranstaltungen au\u00dferhalb des Unterricht<\/li>\n<li>Bew\u00e4ltigung von Erziehungsschwierigkeiten<\/li>\n<\/ul>\n<h3>Schulpflegschaft<\/h3>\n<p>Die Schulpflegschaft ist das oberste Mitwirkungsgremium aller Erziehungsberechtigten und vertritt Ihre Interessen bei der Gestaltung der Bildungs- und Erziehungsarbeit. Sie kann \u00fcber die Angelegenheiten der Schulkonferenz (siehe unten) <b>beraten.<\/b><\/p>\n<h3>Schulkonferenz<\/h3>\n<p>Sie ist das gemeinsame Beschluss- und Entscheidungsorgan von Lehrern und Eltern. Hier<b> <\/b>wird \u00fcber Folgendes <b>entschieden<\/b>:<\/p>\n<ul>\n<li>Verwendung des Schuletats<\/li>\n<li>Einf\u00fchrung von Lernmitteln<\/li>\n<li>Festlegung von Grunds\u00e4tzen zur zeitlichen Koordinierungvon Hausaufgaben<\/li>\n<li>Einrichtungen zus\u00e4tzlicher Lehrveranstaltungen und Arbeitsgemeinschaften<\/li>\n<li>Planung weiterer Veranstaltungen au\u00dferhalb des Unterrichts<\/li>\n<li>Zusammenarbeit mit verschiedenen Organisationen<\/li>\n<li>Vorschl\u00e4ge zur Behebung allgemeiner Erziehungsschwierigkeiten<\/li>\n<li>Erlass einer Schulordnung<\/li>\n<li>Aufstellung eines Schulprogramms<\/li>\n<\/ul>\n<p>Es w\u00fcrde zu weit f\u00fchren, alles aufzuz\u00e4hlen, wor\u00fcber die Schulkonferenz entscheidet. Dieses Gremium tagt in der Regel zweimal im Jahr.<\/p>\n<h3>Fachkonferenz<\/h3>\n<p>An unserer Schule sind Fachkonferenzen f\u00fcr Sprache, Mathematik und Sachunterricht eingerichtet. Wenn Sie Interesse an einem dieser F\u00e4cher haben, k\u00f6nnen Sie sich in dieses Gremium w\u00e4hlen lassen. Diejenigen Lehrer, die das Fach unterrichten, sind ebenfalls Mitglieder dieser Konferenz. Sie tagt in der Regel einmal im Jahr.<\/p>\n<p>Wir freuen uns, wenn Sie, liebe Eltern, sich f\u00fcr ein Gremium entscheiden &#8211; denn wir brauchen Ihre Mitarbeit, damit<\/p>\n<blockquote><p>Ihr Kind gerne in unserer Schule<br \/>\nlebt und lernt.<\/p><\/blockquote>\n","protected":false},"excerpt":{"rendered":"<p>Um unserem Erziehungs- und Bildungsauftrag gerecht zu werden, ben\u00f6tigen wir Ihre Unterst\u00fctzung, denn Mitwirkung bedeutet partnerschaftlich und vertrauensvoll gemeinsam im Schulleben zusammenzuwirken. Sie haben die M\u00f6glichkeit, in verschiedenen Gremien aktiv mitzuarbeiten! Klassenpflegschaft Alle Kinder der Klasse werden hier durch Sie vertreten. Sie w\u00e4hlen aus Ihrer Mitte einen Vorsitzenden und einen Stellvertreter. Die Klassenpflegschaft ber\u00e4t z. [&hellip;]<\/p>\n","protected":false},"author":1,"featured_media":0,"parent":0,"menu_order":0,"comment_status":"closed","ping_status":"closed","template":"","meta":{"footnotes":""},"class_list":["post-122","page","type-page","status-publish","hentry"],"_links":{"self":[{"href":"https:\/\/hellefeld.marienschule-sundern.de\/hellefeld\/wp-json\/wp\/v2\/pages\/122","targetHints":{"allow":["GET"]}}],"collection":[{"href":"https:\/\/hellefeld.marienschule-sundern.de\/hellefeld\/wp-json\/wp\/v2\/pages"}],"about":[{"href":"https:\/\/hellefeld.marienschule-sundern.de\/hellefeld\/wp-json\/wp\/v2\/types\/page"}],"author":[{"embeddable":true,"href":"https:\/\/hellefeld.marienschule-sundern.de\/hellefeld\/wp-json\/wp\/v2\/users\/1"}],"replies":[{"embeddable":true,"href":"https:\/\/hellefeld.marienschule-sundern.de\/hellefeld\/wp-json\/wp\/v2\/comments?post=122"}],"version-history":[{"count":4,"href":"https:\/\/hellefeld.marienschule-sundern.de\/hellefeld\/wp-json\/wp\/v2\/pages\/122\/revisions"}],"predecessor-version":[{"id":209,"href":"https:\/\/hellefeld.marienschule-sundern.de\/hellefeld\/wp-json\/wp\/v2\/pages\/122\/revisions\/209"}],"wp:attachment":[{"href":"https:\/\/hellefeld.marienschule-sundern.de\/hellefeld\/wp-json\/wp\/v2\/media?parent=122"}],"curies":[{"name":"wp","href":"https:\/\/api.w.org\/{rel}","templated":true}]}}